{"id":3,"date":"2023-12-20T15:26:47","date_gmt":"2023-12-20T14:26:47","guid":{"rendered":"https:\/\/www.erasmusverona.it\/?page_id=3"},"modified":"2024-02-01T17:41:19","modified_gmt":"2024-02-01T16:41:19","slug":"privacy-policy","status":"publish","type":"page","link":"https:\/\/www.erasmusverona.it\/it\/privacy-policy\/","title":{"rendered":"Privacy Policy"},"content":{"rendered":"<p><div class=\"fusion-fullwidth fullwidth-box fusion-builder-row-1 fusion-flex-container has-pattern-background has-mask-background fusion-parallax-none mx-12 nonhundred-percent-fullwidth non-hundred-percent-height-scrolling\" style=\"--awb-border-radius-top-left:15px;--awb-border-radius-top-right:15px;--awb-border-radius-bottom-right:15px;--awb-border-radius-bottom-left:15px;--awb-overflow:hidden;--awb-min-height:195px;--awb-background-image:url(&quot;https:\/\/www.erasmusverona.it\/wp-content\/uploads\/2023\/12\/img-home-1.jpg&quot;);--awb-background-size:cover;--awb-flex-wrap:wrap;\" ><div class=\"fusion-builder-row fusion-row fusion-flex-align-items-flex-start fusion-flex-align-content-center fusion-flex-content-wrap\" style=\"max-width:calc( 1300px + 12px );margin-left: calc(-12px \/ 2 );margin-right: calc(-12px \/ 2 );\"><div class=\"fusion-layout-column fusion_builder_column fusion-builder-column-0 fusion_builder_column_1_1 1_1 fusion-flex-column\" style=\"--awb-bg-size:cover;--awb-width-large:100%;--awb-margin-top-large:0px;--awb-spacing-right-large:6px;--awb-margin-bottom-large:0px;--awb-spacing-left-large:6px;--awb-width-medium:100%;--awb-order-medium:0;--awb-spacing-right-medium:6px;--awb-spacing-left-medium:6px;--awb-width-small:100%;--awb-order-small:0;--awb-spacing-right-small:6px;--awb-spacing-left-small:6px;\" data-motion-effects=\"[{&quot;type&quot;:&quot;&quot;,&quot;scroll_type&quot;:&quot;transition&quot;,&quot;scroll_direction&quot;:&quot;up&quot;,&quot;transition_speed&quot;:&quot;1&quot;,&quot;fade_type&quot;:&quot;in&quot;,&quot;scale_type&quot;:&quot;up&quot;,&quot;initial_scale&quot;:&quot;1&quot;,&quot;max_scale&quot;:&quot;1.5&quot;,&quot;min_scale&quot;:&quot;0.5&quot;,&quot;initial_rotate&quot;:&quot;0&quot;,&quot;end_rotate&quot;:&quot;30&quot;,&quot;initial_blur&quot;:&quot;0&quot;,&quot;end_blur&quot;:&quot;3&quot;,&quot;start_element&quot;:&quot;top&quot;,&quot;start_viewport&quot;:&quot;bottom&quot;,&quot;end_element&quot;:&quot;bottom&quot;,&quot;end_viewport&quot;:&quot;top&quot;,&quot;mouse_effect&quot;:&quot;track&quot;,&quot;mouse_effect_direction&quot;:&quot;opposite&quot;,&quot;mouse_effect_speed&quot;:&quot;2&quot;,&quot;infinite_animation&quot;:&quot;float&quot;,&quot;infinite_animation_speed&quot;:&quot;2&quot;}]\" data-scroll-devices=\"small-visibility,medium-visibility,large-visibility\"><div class=\"fusion-column-wrapper fusion-column-has-shadow fusion-flex-justify-content-flex-start fusion-content-layout-column\"><div class=\"fusion-title title fusion-title-1 fusion-sep-none fusion-title-center fusion-title-text fusion-title-size-one\" style=\"--awb-text-color:var(--awb-color1);\"><h1 class=\"fusion-title-heading title-heading-center fusion-responsive-typography-calculated\" style=\"margin:0;--fontSize:40;line-height:var(--awb-typography1-line-height);\">Privacy Policy<\/h1><\/div><\/div><\/div><\/div><\/div><div class=\"fusion-fullwidth fullwidth-box fusion-builder-row-2 fusion-flex-container has-pattern-background has-mask-background nonhundred-percent-fullwidth non-hundred-percent-height-scrolling\" style=\"--awb-border-radius-top-left:0px;--awb-border-radius-top-right:0px;--awb-border-radius-bottom-right:0px;--awb-border-radius-bottom-left:0px;--awb-margin-top:130px;--awb-margin-bottom:80px;--awb-margin-top-small:70px;--awb-margin-bottom-small:60px;--awb-flex-wrap:wrap;\" ><div class=\"fusion-builder-row fusion-row fusion-flex-align-items-flex-start fusion-flex-content-wrap\" style=\"max-width:calc( 1300px + 12px );margin-left: calc(-12px \/ 2 );margin-right: calc(-12px \/ 2 );\"><div class=\"fusion-layout-column fusion_builder_column fusion-builder-column-1 fusion_builder_column_1_1 1_1 fusion-flex-column\" style=\"--awb-bg-size:cover;--awb-width-large:100%;--awb-margin-top-large:0px;--awb-spacing-right-large:6px;--awb-margin-bottom-large:20px;--awb-spacing-left-large:6px;--awb-width-medium:100%;--awb-order-medium:0;--awb-spacing-right-medium:6px;--awb-spacing-left-medium:6px;--awb-width-small:100%;--awb-order-small:0;--awb-spacing-right-small:6px;--awb-spacing-left-small:6px;\"><div class=\"fusion-column-wrapper fusion-column-has-shadow fusion-flex-justify-content-flex-start fusion-content-layout-column\"><div class=\"fusion-title title fusion-title-2 fusion-sep-none fusion-title-text fusion-title-size-two\" style=\"--awb-text-color:var(--awb-color6);--awb-margin-bottom:30px;--awb-margin-bottom-small:30px;--awb-font-size:var(--awb-typography2-font-size);\"><h2 class=\"fusion-title-heading title-heading-left fusion-responsive-typography-calculated\" style=\"font-family:&quot;Nunito&quot;;font-style:normal;font-weight:400;margin:0;font-size:1em;letter-spacing:var(--awb-typography2-letter-spacing);text-transform:var(--awb-typography2-text-transform);--fontSize:30;line-height:var(--awb-typography2-line-height);\"><strong>Informativa sulla Privacy<\/strong><\/h2><\/div><div class=\"fusion-text fusion-text-1\"><p>In osservanza delle disposizioni in materia di tutela dei dati personali desideriamo informarLa che i dati personali e anagrafici da Lei forniti formano oggetto di trattamento da parte di Monastero Lepia SRL<\/p>\n<p><strong>1) Quali dati trattiamo?<\/strong><br \/>\nI dati indispensabili all&#8217;identificazione (nome, cognome, denominazione sociale, sede sociale, indirizzo, partita IVA ecc.) e quelli indispensabili a consentire il corretto svolgimento del rapporto professionale e di fiducia, che ci lega.<\/p>\n<p><strong>2) Come raccogliamo i dati, perch\u00e9 li trattiamo?<\/strong><br \/>\nI dati vengono raccolti presso i clienti, telefonicamente, via fax o attraverso il nostro sito Internet e conservati nelle nostre sedi. I dati vengono raccolti e registrati parzialmente su carta e parzialmente a livello informatico, per le finalit\u00e0, esplicite e legittime, che indichiamo qui di seguito:<\/p>\n<ul>\n<li>Finalit\u00e0 funzionali all\u2019adempimento di obblighi normativi, previsti da leggi, decreti, regolamenti e\/o da altri atti ad essi equiparati, nonch\u00e9 dalla normativa comunitaria (es: trattamento giuridico ed economico del personale, reclutamento, selezione, formazione del personale, adempimento di obblighi fiscali o contabili)<\/li>\n<li>Finalit\u00e0 funzionali alla gestione dei rapporti intercorrenti con la clientela, i fornitori, le banche ecc. (es: controllare l\u2019andamento delle relazioni con i clienti ed i collaboratori, soddisfare esigenze d\u2019informazione tecnica e assistenza).<\/li>\n<li>L&#8217;accesso al sito consente di individuare l&#8217;indirizzo IP dell&#8217;utente.<\/li>\n<\/ul>\n<p><strong>3) \u00c8 obbligatorio conferire i dati, cosa accade se non vengono conferiti?<\/strong><br \/>\nIl conferimento dei dati personali richiesti, necessari alla finalit\u00e0 n. 1 (obblighi derivanti dalla legge italiana e comunitaria), \u00e8 obbligatorio ed il rifiuto di fornirli comporter\u00e0 l\u2019impossibilit\u00e0 di instaurare rapporti con Monastero Lepia SRL. Il conferimento dei dati personali necessari alla finalit\u00e0 n. 2 (svolgimento della normale gestione operativa), non \u00e8 obbligatorio, ma il rifiuto di fornirli potr\u00e0 dar luogo all\u2019impossibilit\u00e0 eseguire una o pi\u00f9 prestazioni convenute, o all\u2019impossibilit\u00e0 di stipulare nuovi rapporti contrattuali.<\/p>\n<p><strong>4) A chi possono essere comunicati i dati, quale \u00e8 l&#8217;ambito di diffusione?<\/strong><br \/>\nNell\u2019ambito delle attivit\u00e0 di tipo amministrativo-contabili e fiscali si rende talvolta necessaria la comunicazione di alcuni dei dati trattati (es.: banche, commercialista, consulenti esterni, uffici pubblici). Un elenco nominativo di tali soggetti pu\u00f2 essere reperito presso la nostra sede. L\u2019ambito di diffusione \u00e8 nazionale.<br \/>\nMonastero Lepia SRL si impegna a non comunicare o diffondere alcuna informazione che la riguarda a fini commerciali e a non vendere, condividere o cedere i suoi database.<br \/>\nOvviamente risponde alle intimazioni e alle ordinanze dell&#8217;Autorit\u00e0 Giudiziaria, collabora nei procedimenti legali ed adempie alle disposizioni impartite da Autorit\u00e0 e Organi di vigilanza e controllo.<\/p>\n<p><strong>5) Quali sono i suoi diritti, come farli valere?<\/strong><br \/>\nPotr\u00e0 rivolgersi per far valere i Suoi diritti, a una qualsiasi delle nostre sedi, come indicate nel sito web, in qualsiasi forma (e-mail, fax, lettera).<br \/>\nIn relazione al trattamento di dati personali Lei ha difatti diritto:<\/p>\n<ul>\n<li>di conoscere in ogni momento quali sono i suoi dati personali in nostro possesso e come essi vengano utilizzati<\/li>\n<li>di fare aggiornare, integrare, rettificare o cancellare tali dati<\/li>\n<li>di chiedere la sospensione od opporsi al loro trattamento, inviando una richiesta in tal senso, in qualsiasi forma (fax, e-mail, lettera) a Monastero Lepia SRL, Via della Tecnica, 23 &#8211; 37030 Lavagno (VR) Italy &#8211; Tel. 0374.350951 &#8211; Email: <a href=\"mailto:verona.stanze@gmail.com\">verona.stanze@gmail.com<\/a><\/li>\n<\/ul>\n<p>Nell&#8217;esercizio di tali diritti pu\u00f2 conferire, per iscritto, delega o procura a persone fisiche o ad associazioni.<\/p>\n<p><strong>6) Chi tratta materialmente i dati, chi ne \u00e8 titolare?<\/strong><br \/>\nOgni professionista facente parte del nostro gruppo di lavoro svolge la funzione di titolare del trattamento dati per i clienti da esso curati. Le richieste vanno comunque inoltrate sempre ad Monastero Lepia SRL presso la sede di Lavagno (VR) ITALIA.<\/p>\n<p><em>Monastero Lepia SRL<\/em><\/p>\n<\/div><\/div><\/div><\/div><\/div><\/p>\n","protected":false},"excerpt":{"rendered":"","protected":false},"author":1,"featured_media":0,"parent":0,"menu_order":0,"comment_status":"closed","ping_status":"open","template":"100-width.php","meta":{"inline_featured_image":false,"footnotes":""},"class_list":["post-3","page","type-page","status-publish","hentry"],"yoast_head":"<!-- This site is optimized with the Yoast SEO plugin v21.9.1 - https:\/\/yoast.com\/wordpress\/plugins\/seo\/ -->\r\n<title>Privacy Policy - Erasmus Verona<\/title>\r\n<meta name=\"robots\" content=\"index, follow, max-snippet:-1, max-image-preview:large, max-video-preview:-1\" \/>\r\n<link rel=\"canonical\" href=\"https:\/\/www.erasmusverona.it\/it\/privacy-policy\/\" \/>\r\n<meta property=\"og:locale\" content=\"it_IT\" \/>\r\n<meta property=\"og:type\" content=\"article\" \/>\r\n<meta property=\"og:title\" content=\"Privacy Policy - Erasmus Verona\" \/>\r\n<meta property=\"og:url\" content=\"https:\/\/www.erasmusverona.it\/it\/privacy-policy\/\" \/>\r\n<meta property=\"og:site_name\" content=\"Erasmus Verona\" \/>\r\n<meta property=\"article:modified_time\" content=\"2024-02-01T16:41:19+00:00\" \/>\r\n<meta name=\"twitter:card\" content=\"summary_large_image\" \/>\r\n<meta name=\"twitter:label1\" content=\"Tempo di lettura stimato\" \/>\n\t<meta name=\"twitter:data1\" content=\"4 minuti\" \/>\r\n<script type=\"application\/ld+json\" class=\"yoast-schema-graph\">{\"@context\":\"https:\/\/schema.org\",\"@graph\":[{\"@type\":\"WebPage\",\"@id\":\"https:\/\/www.erasmusverona.it\/it\/privacy-policy\/\",\"url\":\"https:\/\/www.erasmusverona.it\/it\/privacy-policy\/\",\"name\":\"Privacy Policy - Erasmus Verona\",\"isPartOf\":{\"@id\":\"https:\/\/www.erasmusverona.it\/it\/#website\"},\"datePublished\":\"2023-12-20T14:26:47+00:00\",\"dateModified\":\"2024-02-01T16:41:19+00:00\",\"breadcrumb\":{\"@id\":\"https:\/\/www.erasmusverona.it\/it\/privacy-policy\/#breadcrumb\"},\"inLanguage\":\"it-IT\",\"potentialAction\":[{\"@type\":\"ReadAction\",\"target\":[\"https:\/\/www.erasmusverona.it\/it\/privacy-policy\/\"]}]},{\"@type\":\"BreadcrumbList\",\"@id\":\"https:\/\/www.erasmusverona.it\/it\/privacy-policy\/#breadcrumb\",\"itemListElement\":[{\"@type\":\"ListItem\",\"position\":1,\"name\":\"Home\",\"item\":\"https:\/\/www.erasmusverona.it\/it\/\"},{\"@type\":\"ListItem\",\"position\":2,\"name\":\"Privacy Policy\"}]},{\"@type\":\"WebSite\",\"@id\":\"https:\/\/www.erasmusverona.it\/it\/#website\",\"url\":\"https:\/\/www.erasmusverona.it\/it\/\",\"name\":\"Erasmus Verona\",\"description\":\"Affidati agli specialisti per rendere il tuo soggiorno sicuro e divertente\",\"publisher\":{\"@id\":\"https:\/\/www.erasmusverona.it\/it\/#organization\"},\"potentialAction\":[{\"@type\":\"SearchAction\",\"target\":{\"@type\":\"EntryPoint\",\"urlTemplate\":\"https:\/\/www.erasmusverona.it\/it\/?s={search_term_string}\"},\"query-input\":\"required name=search_term_string\"}],\"inLanguage\":\"it-IT\"},{\"@type\":\"Organization\",\"@id\":\"https:\/\/www.erasmusverona.it\/it\/#organization\",\"name\":\"Erasmus Verona\",\"url\":\"https:\/\/www.erasmusverona.it\/it\/\",\"logo\":{\"@type\":\"ImageObject\",\"inLanguage\":\"it-IT\",\"@id\":\"https:\/\/www.erasmusverona.it\/it\/#\/schema\/logo\/image\/\",\"url\":\"https:\/\/www.erasmusverona.it\/wp-content\/uploads\/2023\/12\/logo-erasmus-verona.svg\",\"contentUrl\":\"https:\/\/www.erasmusverona.it\/wp-content\/uploads\/2023\/12\/logo-erasmus-verona.svg\",\"width\":151,\"height\":34,\"caption\":\"Erasmus Verona\"},\"image\":{\"@id\":\"https:\/\/www.erasmusverona.it\/it\/#\/schema\/logo\/image\/\"}}]}<\/script>\r\n<!-- \/ Yoast SEO plugin. -->","yoast_head_json":{"title":"Privacy Policy - Erasmus Verona","robots":{"index":"index","follow":"follow","max-snippet":"max-snippet:-1","max-image-preview":"max-image-preview:large","max-video-preview":"max-video-preview:-1"},"canonical":"https:\/\/www.erasmusverona.it\/it\/privacy-policy\/","og_locale":"it_IT","og_type":"article","og_title":"Privacy Policy - Erasmus Verona","og_url":"https:\/\/www.erasmusverona.it\/it\/privacy-policy\/","og_site_name":"Erasmus Verona","article_modified_time":"2024-02-01T16:41:19+00:00","twitter_card":"summary_large_image","twitter_misc":{"Tempo di lettura stimato":"4 minuti"},"schema":{"@context":"https:\/\/schema.org","@graph":[{"@type":"WebPage","@id":"https:\/\/www.erasmusverona.it\/it\/privacy-policy\/","url":"https:\/\/www.erasmusverona.it\/it\/privacy-policy\/","name":"Privacy Policy - Erasmus Verona","isPartOf":{"@id":"https:\/\/www.erasmusverona.it\/it\/#website"},"datePublished":"2023-12-20T14:26:47+00:00","dateModified":"2024-02-01T16:41:19+00:00","breadcrumb":{"@id":"https:\/\/www.erasmusverona.it\/it\/privacy-policy\/#breadcrumb"},"inLanguage":"it-IT","potentialAction":[{"@type":"ReadAction","target":["https:\/\/www.erasmusverona.it\/it\/privacy-policy\/"]}]},{"@type":"BreadcrumbList","@id":"https:\/\/www.erasmusverona.it\/it\/privacy-policy\/#breadcrumb","itemListElement":[{"@type":"ListItem","position":1,"name":"Home","item":"https:\/\/www.erasmusverona.it\/it\/"},{"@type":"ListItem","position":2,"name":"Privacy Policy"}]},{"@type":"WebSite","@id":"https:\/\/www.erasmusverona.it\/it\/#website","url":"https:\/\/www.erasmusverona.it\/it\/","name":"Erasmus Verona","description":"Affidati agli specialisti per rendere il tuo soggiorno sicuro e divertente","publisher":{"@id":"https:\/\/www.erasmusverona.it\/it\/#organization"},"potentialAction":[{"@type":"SearchAction","target":{"@type":"EntryPoint","urlTemplate":"https:\/\/www.erasmusverona.it\/it\/?s={search_term_string}"},"query-input":"required name=search_term_string"}],"inLanguage":"it-IT"},{"@type":"Organization","@id":"https:\/\/www.erasmusverona.it\/it\/#organization","name":"Erasmus Verona","url":"https:\/\/www.erasmusverona.it\/it\/","logo":{"@type":"ImageObject","inLanguage":"it-IT","@id":"https:\/\/www.erasmusverona.it\/it\/#\/schema\/logo\/image\/","url":"https:\/\/www.erasmusverona.it\/wp-content\/uploads\/2023\/12\/logo-erasmus-verona.svg","contentUrl":"https:\/\/www.erasmusverona.it\/wp-content\/uploads\/2023\/12\/logo-erasmus-verona.svg","width":151,"height":34,"caption":"Erasmus Verona"},"image":{"@id":"https:\/\/www.erasmusverona.it\/it\/#\/schema\/logo\/image\/"}}]}},"_links":{"self":[{"href":"https:\/\/www.erasmusverona.it\/it\/wp-json\/wp\/v2\/pages\/3","targetHints":{"allow":["GET"]}}],"collection":[{"href":"https:\/\/www.erasmusverona.it\/it\/wp-json\/wp\/v2\/pages"}],"about":[{"href":"https:\/\/www.erasmusverona.it\/it\/wp-json\/wp\/v2\/types\/page"}],"author":[{"embeddable":true,"href":"https:\/\/www.erasmusverona.it\/it\/wp-json\/wp\/v2\/users\/1"}],"replies":[{"embeddable":true,"href":"https:\/\/www.erasmusverona.it\/it\/wp-json\/wp\/v2\/comments?post=3"}],"version-history":[{"count":4,"href":"https:\/\/www.erasmusverona.it\/it\/wp-json\/wp\/v2\/pages\/3\/revisions"}],"predecessor-version":[{"id":567,"href":"https:\/\/www.erasmusverona.it\/it\/wp-json\/wp\/v2\/pages\/3\/revisions\/567"}],"wp:attachment":[{"href":"https:\/\/www.erasmusverona.it\/it\/wp-json\/wp\/v2\/media?parent=3"}],"curies":[{"name":"wp","href":"https:\/\/api.w.org\/{rel}","templated":true}]}}