{"id":384,"date":"2024-01-23T16:50:25","date_gmt":"2024-01-23T15:50:25","guid":{"rendered":"https:\/\/www.erasmusverona.it\/?page_id=384"},"modified":"2024-01-24T10:36:45","modified_gmt":"2024-01-24T09:36:45","slug":"area-genitori","status":"publish","type":"page","link":"https:\/\/www.erasmusverona.it\/it\/area-genitori\/","title":{"rendered":"Area genitori"},"content":{"rendered":"<p><div class=\"fusion-fullwidth fullwidth-box fusion-builder-row-1 fusion-flex-container has-pattern-background has-mask-background fusion-parallax-none mx-12 nonhundred-percent-fullwidth non-hundred-percent-height-scrolling\" style=\"--awb-border-radius-top-left:15px;--awb-border-radius-top-right:15px;--awb-border-radius-bottom-right:15px;--awb-border-radius-bottom-left:15px;--awb-overflow:hidden;--awb-min-height:195px;--awb-background-image:url(&quot;https:\/\/www.erasmusverona.it\/wp-content\/uploads\/2023\/12\/img-home-1.jpg&quot;);--awb-background-size:cover;--awb-flex-wrap:wrap;\" ><div class=\"fusion-builder-row fusion-row fusion-flex-align-items-flex-start fusion-flex-align-content-center fusion-flex-content-wrap\" style=\"max-width:calc( 1300px + 12px );margin-left: calc(-12px \/ 2 );margin-right: calc(-12px \/ 2 );\"><div class=\"fusion-layout-column fusion_builder_column fusion-builder-column-0 fusion_builder_column_1_1 1_1 fusion-flex-column\" style=\"--awb-bg-size:cover;--awb-width-large:100%;--awb-margin-top-large:0px;--awb-spacing-right-large:6px;--awb-margin-bottom-large:0px;--awb-spacing-left-large:6px;--awb-width-medium:100%;--awb-order-medium:0;--awb-spacing-right-medium:6px;--awb-spacing-left-medium:6px;--awb-width-small:100%;--awb-order-small:0;--awb-spacing-right-small:6px;--awb-spacing-left-small:6px;\" data-motion-effects=\"[{&quot;type&quot;:&quot;&quot;,&quot;scroll_type&quot;:&quot;transition&quot;,&quot;scroll_direction&quot;:&quot;up&quot;,&quot;transition_speed&quot;:&quot;1&quot;,&quot;fade_type&quot;:&quot;in&quot;,&quot;scale_type&quot;:&quot;up&quot;,&quot;initial_scale&quot;:&quot;1&quot;,&quot;max_scale&quot;:&quot;1.5&quot;,&quot;min_scale&quot;:&quot;0.5&quot;,&quot;initial_rotate&quot;:&quot;0&quot;,&quot;end_rotate&quot;:&quot;30&quot;,&quot;initial_blur&quot;:&quot;0&quot;,&quot;end_blur&quot;:&quot;3&quot;,&quot;start_element&quot;:&quot;top&quot;,&quot;start_viewport&quot;:&quot;bottom&quot;,&quot;end_element&quot;:&quot;bottom&quot;,&quot;end_viewport&quot;:&quot;top&quot;,&quot;mouse_effect&quot;:&quot;track&quot;,&quot;mouse_effect_direction&quot;:&quot;opposite&quot;,&quot;mouse_effect_speed&quot;:&quot;2&quot;,&quot;infinite_animation&quot;:&quot;float&quot;,&quot;infinite_animation_speed&quot;:&quot;2&quot;}]\" data-scroll-devices=\"small-visibility,medium-visibility,large-visibility\"><div class=\"fusion-column-wrapper fusion-column-has-shadow fusion-flex-justify-content-flex-start fusion-content-layout-column\"><div class=\"fusion-title title fusion-title-1 fusion-sep-none fusion-title-center fusion-title-text fusion-title-size-one\" style=\"--awb-text-color:var(--awb-color1);\"><h1 class=\"fusion-title-heading title-heading-center fusion-responsive-typography-calculated\" style=\"margin:0;--fontSize:40;line-height:var(--awb-typography1-line-height);\">Area genitori<\/h1><\/div><\/div><\/div><\/div><\/div><div class=\"fusion-fullwidth fullwidth-box fusion-builder-row-2 fusion-flex-container has-pattern-background has-mask-background nonhundred-percent-fullwidth non-hundred-percent-height-scrolling\" style=\"--awb-border-radius-top-left:0px;--awb-border-radius-top-right:0px;--awb-border-radius-bottom-right:0px;--awb-border-radius-bottom-left:0px;--awb-margin-top:130px;--awb-margin-bottom:80px;--awb-margin-top-small:70px;--awb-margin-bottom-small:60px;--awb-flex-wrap:wrap;\" ><div class=\"fusion-builder-row fusion-row fusion-flex-align-items-flex-start fusion-flex-content-wrap\" style=\"max-width:calc( 1300px + 12px );margin-left: calc(-12px \/ 2 );margin-right: calc(-12px \/ 2 );\"><div class=\"fusion-layout-column fusion_builder_column fusion-builder-column-1 fusion_builder_column_1_1 1_1 fusion-flex-column\" style=\"--awb-bg-size:cover;--awb-width-large:100%;--awb-margin-top-large:0px;--awb-spacing-right-large:6px;--awb-margin-bottom-large:20px;--awb-spacing-left-large:6px;--awb-width-medium:100%;--awb-order-medium:0;--awb-spacing-right-medium:6px;--awb-spacing-left-medium:6px;--awb-width-small:100%;--awb-order-small:0;--awb-spacing-right-small:6px;--awb-spacing-left-small:6px;\"><div class=\"fusion-column-wrapper fusion-column-has-shadow fusion-flex-justify-content-flex-start fusion-content-layout-column\"><div class=\"fusion-title title fusion-title-2 fusion-sep-none fusion-title-text fusion-title-size-two\" style=\"--awb-text-color:var(--awb-color6);--awb-margin-bottom:30px;--awb-margin-bottom-small:30px;--awb-font-size:var(--awb-typography2-font-size);\"><h2 class=\"fusion-title-heading title-heading-left fusion-responsive-typography-calculated\" style=\"font-family:&quot;Nunito&quot;;font-style:normal;font-weight:400;margin:0;font-size:1em;letter-spacing:var(--awb-typography2-letter-spacing);text-transform:var(--awb-typography2-text-transform);--fontSize:30;line-height:var(--awb-typography2-line-height);\"><p><strong>Cerchi una stanza in affitto per l\u2019universit\u00e0 di tuo figlio?<\/strong><br \/>\nMassima sicurezza con Erasmus Verona.<\/p><\/h2><\/div><div class=\"fusion-text fusion-text-1\"><p><span style=\"font-weight: 400;\">Navigare nel ruolo di genitori nel contesto odierno, sempre pi\u00f9 complesso e dinamico, rappresenta una sfida considerevole. Da Erasmus Verona, comprendiamo queste difficolt\u00e0 e ci impegniamo a offrirvi supporto e serenit\u00e0. <\/span><\/p>\n<p><span style=\"font-weight: 400;\">Affidando a noi la cura del vostro figlio, garantiamo un ambiente sicuro e stimolante, dove le preoccupazioni saranno ridotte sia per voi che per lui. <\/span><\/p>\n<p><span style=\"font-weight: 400;\">Di seguito, troverete un elenco delle garanzie e delle opportunit\u00e0 che vi attendono scegliendo il nostro servizio.<\/span><\/p>\n<\/div><\/div><\/div><\/div><\/div><div class=\"fusion-fullwidth fullwidth-box fusion-builder-row-3 fusion-flex-container has-pattern-background has-mask-background nonhundred-percent-fullwidth non-hundred-percent-height-scrolling\" style=\"--awb-border-radius-top-left:0px;--awb-border-radius-top-right:0px;--awb-border-radius-bottom-right:0px;--awb-border-radius-bottom-left:0px;--awb-margin-bottom:110px;--awb-flex-wrap:wrap;\" id=\"homeBoxBlu\" ><div class=\"fusion-builder-row fusion-row fusion-flex-align-items-flex-start fusion-flex-justify-content-flex-end fusion-flex-content-wrap\" style=\"max-width:calc( 1300px + 12px );margin-left: calc(-12px \/ 2 );margin-right: calc(-12px \/ 2 );\"><div class=\"fusion-layout-column fusion_builder_column fusion-builder-column-2 fusion_builder_column_1_1 1_1 fusion-flex-column\" style=\"--awb-padding-top:50px;--awb-padding-right:20px;--awb-padding-bottom:30px;--awb-padding-left:20px;--awb-overflow:hidden;--awb-bg-color:var(--awb-color6);--awb-bg-color-hover:var(--awb-color6);--awb-bg-size:cover;--awb-border-radius:10px 10px 10px 10px;--awb-width-large:100%;--awb-margin-top-large:0px;--awb-spacing-right-large:6px;--awb-margin-bottom-large:20px;--awb-spacing-left-large:6px;--awb-width-medium:100%;--awb-order-medium:0;--awb-spacing-right-medium:6px;--awb-spacing-left-medium:6px;--awb-width-small:100%;--awb-order-small:0;--awb-spacing-right-small:6px;--awb-spacing-left-small:6px;\" data-motion-effects=\"[{&quot;type&quot;:&quot;&quot;,&quot;scroll_type&quot;:&quot;transition&quot;,&quot;scroll_direction&quot;:&quot;up&quot;,&quot;transition_speed&quot;:&quot;1&quot;,&quot;fade_type&quot;:&quot;in&quot;,&quot;scale_type&quot;:&quot;up&quot;,&quot;initial_scale&quot;:&quot;1&quot;,&quot;max_scale&quot;:&quot;1.5&quot;,&quot;min_scale&quot;:&quot;0.5&quot;,&quot;initial_rotate&quot;:&quot;0&quot;,&quot;end_rotate&quot;:&quot;30&quot;,&quot;initial_blur&quot;:&quot;0&quot;,&quot;end_blur&quot;:&quot;3&quot;,&quot;start_element&quot;:&quot;top&quot;,&quot;start_viewport&quot;:&quot;bottom&quot;,&quot;end_element&quot;:&quot;bottom&quot;,&quot;end_viewport&quot;:&quot;top&quot;,&quot;mouse_effect&quot;:&quot;track&quot;,&quot;mouse_effect_direction&quot;:&quot;opposite&quot;,&quot;mouse_effect_speed&quot;:&quot;2&quot;,&quot;infinite_animation&quot;:&quot;float&quot;,&quot;infinite_animation_speed&quot;:&quot;2&quot;}]\" data-scroll-devices=\"small-visibility,medium-visibility,large-visibility\"><div class=\"fusion-column-wrapper fusion-column-has-shadow fusion-flex-justify-content-flex-start fusion-content-layout-column\"><div class=\"fusion-builder-row fusion-builder-row-inner fusion-row fusion-flex-align-items-flex-start fusion-flex-justify-content-flex-end fusion-flex-content-wrap\" style=\"width:calc( 100% + 12px ) !important;max-width:calc( 100% + 12px ) !important;margin-left: calc(-12px \/ 2 );margin-right: calc(-12px \/ 2 );\"><div class=\"fusion-layout-column fusion_builder_column_inner fusion-builder-nested-column-0 fusion_builder_column_inner_1_1 1_1 fusion-flex-column fusion-animated\" style=\"--awb-bg-size:cover;--awb-width-large:100%;--awb-margin-top-large:0px;--awb-spacing-right-large:6px;--awb-margin-bottom-large:20px;--awb-spacing-left-large:6px;--awb-width-medium:100%;--awb-order-medium:0;--awb-spacing-right-medium:6px;--awb-spacing-left-medium:6px;--awb-width-small:100%;--awb-order-small:0;--awb-spacing-right-small:6px;--awb-spacing-left-small:6px;\" data-animationType=\"fadeIn\" data-animationDuration=\"0.8\" data-animationDelay=\"0.5\" data-animationOffset=\"top-into-view\" id=\"imgRagazzo-1\" data-motion-effects=\"[{&quot;type&quot;:&quot;&quot;,&quot;scroll_type&quot;:&quot;transition&quot;,&quot;scroll_direction&quot;:&quot;up&quot;,&quot;transition_speed&quot;:&quot;1&quot;,&quot;fade_type&quot;:&quot;in&quot;,&quot;scale_type&quot;:&quot;up&quot;,&quot;initial_scale&quot;:&quot;1&quot;,&quot;max_scale&quot;:&quot;1.5&quot;,&quot;min_scale&quot;:&quot;0.5&quot;,&quot;initial_rotate&quot;:&quot;0&quot;,&quot;end_rotate&quot;:&quot;30&quot;,&quot;initial_blur&quot;:&quot;0&quot;,&quot;end_blur&quot;:&quot;3&quot;,&quot;start_element&quot;:&quot;top&quot;,&quot;start_viewport&quot;:&quot;bottom&quot;,&quot;end_element&quot;:&quot;bottom&quot;,&quot;end_viewport&quot;:&quot;top&quot;,&quot;mouse_effect&quot;:&quot;track&quot;,&quot;mouse_effect_direction&quot;:&quot;opposite&quot;,&quot;mouse_effect_speed&quot;:&quot;2&quot;,&quot;infinite_animation&quot;:&quot;float&quot;,&quot;infinite_animation_speed&quot;:&quot;2&quot;}]\" data-scroll-devices=\"small-visibility,medium-visibility,large-visibility\"><div class=\"fusion-column-wrapper fusion-column-has-shadow fusion-flex-justify-content-flex-start fusion-content-layout-column\"><div class=\"fusion-image-element \" style=\"--awb-caption-title-font-family:var(--h2_typography-font-family);--awb-caption-title-font-weight:var(--h2_typography-font-weight);--awb-caption-title-font-style:var(--h2_typography-font-style);--awb-caption-title-size:var(--h2_typography-font-size);--awb-caption-title-transform:var(--h2_typography-text-transform);--awb-caption-title-line-height:var(--h2_typography-line-height);--awb-caption-title-letter-spacing:var(--h2_typography-letter-spacing);\"><span class=\" fusion-imageframe imageframe-none imageframe-1 hover-type-none\"><img decoding=\"async\" width=\"404\" height=\"505\" title=\"ragazzo-genitori\" src=\"https:\/\/www.erasmusverona.it\/wp-content\/uploads\/2024\/01\/ragazzo-genitori.png\" alt class=\"img-responsive wp-image-391\" srcset=\"https:\/\/www.erasmusverona.it\/wp-content\/uploads\/2024\/01\/ragazzo-genitori-200x250.png 200w, https:\/\/www.erasmusverona.it\/wp-content\/uploads\/2024\/01\/ragazzo-genitori-400x500.png 400w, https:\/\/www.erasmusverona.it\/wp-content\/uploads\/2024\/01\/ragazzo-genitori.png 404w\" sizes=\"(max-width: 767px) 100vw, 404px\" \/><\/span><\/div><\/div><\/div><div class=\"fusion-layout-column fusion_builder_column_inner fusion-builder-nested-column-1 fusion_builder_column_inner_3_5 3_5 fusion-flex-column testo fusion-animated\" style=\"--awb-bg-size:cover;--awb-width-large:60%;--awb-margin-top-large:0px;--awb-spacing-right-large:6px;--awb-margin-bottom-large:20px;--awb-spacing-left-large:6px;--awb-width-medium:60%;--awb-order-medium:0;--awb-spacing-right-medium:6px;--awb-spacing-left-medium:6px;--awb-width-small:100%;--awb-order-small:0;--awb-spacing-right-small:6px;--awb-spacing-left-small:6px;\" data-animationType=\"fadeInUp\" data-animationDuration=\"0.8\" data-animationDelay=\"0.8\" data-animationOffset=\"top-into-view\" data-motion-effects=\"[{&quot;type&quot;:&quot;&quot;,&quot;scroll_type&quot;:&quot;transition&quot;,&quot;scroll_direction&quot;:&quot;up&quot;,&quot;transition_speed&quot;:&quot;1&quot;,&quot;fade_type&quot;:&quot;in&quot;,&quot;scale_type&quot;:&quot;up&quot;,&quot;initial_scale&quot;:&quot;1&quot;,&quot;max_scale&quot;:&quot;1.5&quot;,&quot;min_scale&quot;:&quot;0.5&quot;,&quot;initial_rotate&quot;:&quot;0&quot;,&quot;end_rotate&quot;:&quot;30&quot;,&quot;initial_blur&quot;:&quot;0&quot;,&quot;end_blur&quot;:&quot;3&quot;,&quot;start_element&quot;:&quot;top&quot;,&quot;start_viewport&quot;:&quot;bottom&quot;,&quot;end_element&quot;:&quot;bottom&quot;,&quot;end_viewport&quot;:&quot;top&quot;,&quot;mouse_effect&quot;:&quot;track&quot;,&quot;mouse_effect_direction&quot;:&quot;opposite&quot;,&quot;mouse_effect_speed&quot;:&quot;2&quot;,&quot;infinite_animation&quot;:&quot;float&quot;,&quot;infinite_animation_speed&quot;:&quot;2&quot;}]\" data-scroll-devices=\"small-visibility,medium-visibility,large-visibility\"><div class=\"fusion-column-wrapper fusion-column-has-shadow fusion-flex-justify-content-flex-start fusion-content-layout-column\"><ul style=\"--awb-size:20px;--awb-textcolor:var(--awb-color1);--awb-line-height:34px;--awb-icon-width:34px;--awb-icon-height:34px;--awb-icon-margin:14px;--awb-content-margin:48px;\" class=\"fusion-checklist fusion-checklist-1 fusion-checklist-default type-icons\"><li class=\"fusion-li-item\" style=\"\"><span class=\"icon-wrapper circle-no\"><i class=\"fusion-li-icon fa-check fas\" aria-hidden=\"true\"><\/i><\/span><div class=\"fusion-li-item-content\">Sicurezza garantita in ogni impianto<\/div><\/li><li class=\"fusion-li-item\" style=\"\"><span class=\"icon-wrapper circle-no\"><i class=\"fusion-li-icon fa-check fas\" aria-hidden=\"true\"><\/i><\/span><div class=\"fusion-li-item-content\">Contratti chiari<\/div><\/li><li class=\"fusion-li-item\" style=\"\"><span class=\"icon-wrapper circle-no\"><i class=\"fusion-li-icon fa-check fas\" aria-hidden=\"true\"><\/i><\/span><div class=\"fusion-li-item-content\">I responsabili dell&#8217;appartamento saranno sempre reperibili<\/div><\/li><li class=\"fusion-li-item\" style=\"\"><span class=\"icon-wrapper circle-no\"><i class=\"fusion-li-icon fa-check fas\" aria-hidden=\"true\"><\/i><\/span><div class=\"fusion-li-item-content\">Assenza di conguagli inaspettati sulle spese<\/div><\/li><li class=\"fusion-li-item\" style=\"\"><span class=\"icon-wrapper circle-no\"><i class=\"fusion-li-icon fa-check fas\" aria-hidden=\"true\"><\/i><\/span><div class=\"fusion-li-item-content\">Selezione accurata dei coinquilini di studio<\/div><\/li><li class=\"fusion-li-item\" style=\"\"><span class=\"icon-wrapper circle-no\"><i class=\"fusion-li-icon fa-check fas\" aria-hidden=\"true\"><\/i><\/span><div class=\"fusion-li-item-content\">Gestione completa di scadenze e procedure amministrative: vostro figlio potr\u00e0 concentrarsi esclusivamente sugli studi, senza preoccupazioni aggiuntive.<\/div><\/li><\/ul><\/div><\/div><\/div><\/div><\/div><\/div><\/div><\/p>\n","protected":false},"excerpt":{"rendered":"","protected":false},"author":1,"featured_media":0,"parent":0,"menu_order":0,"comment_status":"closed","ping_status":"closed","template":"100-width.php","meta":{"inline_featured_image":false,"footnotes":""},"class_list":["post-384","page","type-page","status-publish","hentry"],"yoast_head":"<!-- This site is optimized with the Yoast SEO plugin v21.9.1 - https:\/\/yoast.com\/wordpress\/plugins\/seo\/ -->\r\n<title>Area genitori - Erasmus Verona<\/title>\r\n<meta name=\"robots\" content=\"index, follow, max-snippet:-1, max-image-preview:large, max-video-preview:-1\" \/>\r\n<link rel=\"canonical\" href=\"https:\/\/www.erasmusverona.it\/it\/area-genitori\/\" \/>\r\n<meta property=\"og:locale\" content=\"it_IT\" \/>\r\n<meta property=\"og:type\" content=\"article\" \/>\r\n<meta property=\"og:title\" content=\"Area genitori - Erasmus Verona\" \/>\r\n<meta property=\"og:url\" content=\"https:\/\/www.erasmusverona.it\/it\/area-genitori\/\" \/>\r\n<meta property=\"og:site_name\" content=\"Erasmus Verona\" \/>\r\n<meta property=\"article:modified_time\" content=\"2024-01-24T09:36:45+00:00\" \/>\r\n<meta name=\"twitter:card\" content=\"summary_large_image\" \/>\r\n<meta name=\"twitter:label1\" content=\"Tempo di lettura stimato\" \/>\n\t<meta name=\"twitter:data1\" content=\"25 minuti\" \/>\r\n<script type=\"application\/ld+json\" class=\"yoast-schema-graph\">{\"@context\":\"https:\/\/schema.org\",\"@graph\":[{\"@type\":\"WebPage\",\"@id\":\"https:\/\/www.erasmusverona.it\/it\/area-genitori\/\",\"url\":\"https:\/\/www.erasmusverona.it\/it\/area-genitori\/\",\"name\":\"Area genitori - Erasmus Verona\",\"isPartOf\":{\"@id\":\"https:\/\/www.erasmusverona.it\/it\/#website\"},\"datePublished\":\"2024-01-23T15:50:25+00:00\",\"dateModified\":\"2024-01-24T09:36:45+00:00\",\"breadcrumb\":{\"@id\":\"https:\/\/www.erasmusverona.it\/it\/area-genitori\/#breadcrumb\"},\"inLanguage\":\"it-IT\",\"potentialAction\":[{\"@type\":\"ReadAction\",\"target\":[\"https:\/\/www.erasmusverona.it\/it\/area-genitori\/\"]}]},{\"@type\":\"BreadcrumbList\",\"@id\":\"https:\/\/www.erasmusverona.it\/it\/area-genitori\/#breadcrumb\",\"itemListElement\":[{\"@type\":\"ListItem\",\"position\":1,\"name\":\"Home\",\"item\":\"https:\/\/www.erasmusverona.it\/it\/\"},{\"@type\":\"ListItem\",\"position\":2,\"name\":\"Area genitori\"}]},{\"@type\":\"WebSite\",\"@id\":\"https:\/\/www.erasmusverona.it\/it\/#website\",\"url\":\"https:\/\/www.erasmusverona.it\/it\/\",\"name\":\"Erasmus Verona\",\"description\":\"Affidati agli specialisti per rendere il tuo soggiorno sicuro e divertente\",\"publisher\":{\"@id\":\"https:\/\/www.erasmusverona.it\/it\/#organization\"},\"potentialAction\":[{\"@type\":\"SearchAction\",\"target\":{\"@type\":\"EntryPoint\",\"urlTemplate\":\"https:\/\/www.erasmusverona.it\/it\/?s={search_term_string}\"},\"query-input\":\"required name=search_term_string\"}],\"inLanguage\":\"it-IT\"},{\"@type\":\"Organization\",\"@id\":\"https:\/\/www.erasmusverona.it\/it\/#organization\",\"name\":\"Erasmus Verona\",\"url\":\"https:\/\/www.erasmusverona.it\/it\/\",\"logo\":{\"@type\":\"ImageObject\",\"inLanguage\":\"it-IT\",\"@id\":\"https:\/\/www.erasmusverona.it\/it\/#\/schema\/logo\/image\/\",\"url\":\"https:\/\/www.erasmusverona.it\/wp-content\/uploads\/2023\/12\/logo-erasmus-verona.svg\",\"contentUrl\":\"https:\/\/www.erasmusverona.it\/wp-content\/uploads\/2023\/12\/logo-erasmus-verona.svg\",\"width\":151,\"height\":34,\"caption\":\"Erasmus Verona\"},\"image\":{\"@id\":\"https:\/\/www.erasmusverona.it\/it\/#\/schema\/logo\/image\/\"}}]}<\/script>\r\n<!-- \/ Yoast SEO plugin. -->","yoast_head_json":{"title":"Area genitori - Erasmus Verona","robots":{"index":"index","follow":"follow","max-snippet":"max-snippet:-1","max-image-preview":"max-image-preview:large","max-video-preview":"max-video-preview:-1"},"canonical":"https:\/\/www.erasmusverona.it\/it\/area-genitori\/","og_locale":"it_IT","og_type":"article","og_title":"Area genitori - Erasmus Verona","og_url":"https:\/\/www.erasmusverona.it\/it\/area-genitori\/","og_site_name":"Erasmus Verona","article_modified_time":"2024-01-24T09:36:45+00:00","twitter_card":"summary_large_image","twitter_misc":{"Tempo di lettura stimato":"25 minuti"},"schema":{"@context":"https:\/\/schema.org","@graph":[{"@type":"WebPage","@id":"https:\/\/www.erasmusverona.it\/it\/area-genitori\/","url":"https:\/\/www.erasmusverona.it\/it\/area-genitori\/","name":"Area genitori - Erasmus Verona","isPartOf":{"@id":"https:\/\/www.erasmusverona.it\/it\/#website"},"datePublished":"2024-01-23T15:50:25+00:00","dateModified":"2024-01-24T09:36:45+00:00","breadcrumb":{"@id":"https:\/\/www.erasmusverona.it\/it\/area-genitori\/#breadcrumb"},"inLanguage":"it-IT","potentialAction":[{"@type":"ReadAction","target":["https:\/\/www.erasmusverona.it\/it\/area-genitori\/"]}]},{"@type":"BreadcrumbList","@id":"https:\/\/www.erasmusverona.it\/it\/area-genitori\/#breadcrumb","itemListElement":[{"@type":"ListItem","position":1,"name":"Home","item":"https:\/\/www.erasmusverona.it\/it\/"},{"@type":"ListItem","position":2,"name":"Area genitori"}]},{"@type":"WebSite","@id":"https:\/\/www.erasmusverona.it\/it\/#website","url":"https:\/\/www.erasmusverona.it\/it\/","name":"Erasmus Verona","description":"Affidati agli specialisti per rendere il tuo soggiorno sicuro e divertente","publisher":{"@id":"https:\/\/www.erasmusverona.it\/it\/#organization"},"potentialAction":[{"@type":"SearchAction","target":{"@type":"EntryPoint","urlTemplate":"https:\/\/www.erasmusverona.it\/it\/?s={search_term_string}"},"query-input":"required name=search_term_string"}],"inLanguage":"it-IT"},{"@type":"Organization","@id":"https:\/\/www.erasmusverona.it\/it\/#organization","name":"Erasmus Verona","url":"https:\/\/www.erasmusverona.it\/it\/","logo":{"@type":"ImageObject","inLanguage":"it-IT","@id":"https:\/\/www.erasmusverona.it\/it\/#\/schema\/logo\/image\/","url":"https:\/\/www.erasmusverona.it\/wp-content\/uploads\/2023\/12\/logo-erasmus-verona.svg","contentUrl":"https:\/\/www.erasmusverona.it\/wp-content\/uploads\/2023\/12\/logo-erasmus-verona.svg","width":151,"height":34,"caption":"Erasmus Verona"},"image":{"@id":"https:\/\/www.erasmusverona.it\/it\/#\/schema\/logo\/image\/"}}]}},"_links":{"self":[{"href":"https:\/\/www.erasmusverona.it\/it\/wp-json\/wp\/v2\/pages\/384","targetHints":{"allow":["GET"]}}],"collection":[{"href":"https:\/\/www.erasmusverona.it\/it\/wp-json\/wp\/v2\/pages"}],"about":[{"href":"https:\/\/www.erasmusverona.it\/it\/wp-json\/wp\/v2\/types\/page"}],"author":[{"embeddable":true,"href":"https:\/\/www.erasmusverona.it\/it\/wp-json\/wp\/v2\/users\/1"}],"replies":[{"embeddable":true,"href":"https:\/\/www.erasmusverona.it\/it\/wp-json\/wp\/v2\/comments?post=384"}],"version-history":[{"count":13,"href":"https:\/\/www.erasmusverona.it\/it\/wp-json\/wp\/v2\/pages\/384\/revisions"}],"predecessor-version":[{"id":497,"href":"https:\/\/www.erasmusverona.it\/it\/wp-json\/wp\/v2\/pages\/384\/revisions\/497"}],"wp:attachment":[{"href":"https:\/\/www.erasmusverona.it\/it\/wp-json\/wp\/v2\/media?parent=384"}],"curies":[{"name":"wp","href":"https:\/\/api.w.org\/{rel}","templated":true}]}}